{"id":64,"date":"2024-06-01T08:17:47","date_gmt":"2024-06-01T08:17:47","guid":{"rendered":"https:\/\/www.vis-tourism.com\/?page_id=64"},"modified":"2024-10-05T08:10:17","modified_gmt":"2024-10-05T08:10:17","slug":"nauticki-turizam","status":"publish","type":"page","link":"https:\/\/www.vis-tourism.com\/hr\/dozivite-vis\/nauticki-turizam\/","title":{"rendered":"Nauti\u010dki turizam"},"content":{"rendered":"\t\t<div data-elementor-type=\"wp-page\" data-elementor-id=\"64\" class=\"elementor elementor-64\" data-elementor-post-type=\"page\">\n\t\t\t\t<div class=\"elementor-element elementor-element-7eb3c1e e-flex e-con-boxed e-con e-parent\" data-id=\"7eb3c1e\" data-element_type=\"container\" data-e-type=\"container\" data-settings=\"{&quot;jet_parallax_layout_list&quot;:[]}\">\n\t\t\t\t\t<div class=\"e-con-inner\">\n\t\t\t\t<div class=\"elementor-element elementor-element-3028a71 elementor-widget elementor-widget-breadcrumbs\" data-id=\"3028a71\" data-element_type=\"widget\" data-e-type=\"widget\" data-widget_type=\"breadcrumbs.default\">\n\t\t\t\t<div class=\"elementor-widget-container\">\n\t\t\t\t\t<nav id=\"breadcrumbs\"><span><span><a href=\"https:\/\/www.vis-tourism.com\/hr\/\">Home<\/a><\/span><\/span><\/nav>\t\t\t\t<\/div>\n\t\t\t\t<\/div>\n\t\t\t\t\t<\/div>\n\t\t\t\t<\/div>\n\t\t<div class=\"elementor-element elementor-element-843c5fd e-flex e-con-boxed e-con e-child\" data-id=\"843c5fd\" data-element_type=\"container\" data-e-type=\"container\" data-settings=\"{&quot;jet_parallax_layout_list&quot;:[]}\">\n\t\t\t\t\t<div class=\"e-con-inner\">\n\t\t\t\t<div class=\"elementor-element elementor-element-9e5d7b3 elementor-widget__width-auto elementor-widget-divider--view-line elementor-widget elementor-widget-divider\" data-id=\"9e5d7b3\" data-element_type=\"widget\" data-e-type=\"widget\" data-widget_type=\"divider.default\">\n\t\t\t\t<div class=\"elementor-widget-container\">\n\t\t\t\t\t\t\t<div class=\"elementor-divider\">\n\t\t\t<span class=\"elementor-divider-separator\">\n\t\t\t\t\t\t<\/span>\n\t\t<\/div>\n\t\t\t\t\t\t<\/div>\n\t\t\t\t<\/div>\n\t\t\t\t\t<\/div>\n\t\t\t\t<\/div>\n\t\t<div class=\"elementor-element elementor-element-0350075 e-flex e-con-boxed e-con e-parent\" data-id=\"0350075\" data-element_type=\"container\" data-e-type=\"container\" data-settings=\"{&quot;jet_parallax_layout_list&quot;:[]}\">\n\t\t\t\t\t<div class=\"e-con-inner\">\n\t\t\t\t<div class=\"elementor-element elementor-element-7757037 elementor-widget elementor-widget-text-editor\" data-id=\"7757037\" data-element_type=\"widget\" data-e-type=\"widget\" data-widget_type=\"text-editor.default\">\n\t\t\t\t<div class=\"elementor-widget-container\">\n\t\t\t\t\t\t\t\t\t<p>Nauti\u010dari su najzaslu\u017eniji za otkri\u0107e Visa kao top destinacije u jedrili\u010darima najdra\u017eoj, srednjedalmatinskoj turi.<\/p><p>Neki \u0107e s kopna potegnuti ravno na Vis, a drugi \u0107e preko \u0160olte, Bra\u010da i Hvara doploviti do najisturenijeg naseljenog otoka srednjeg Jadrana, da bi dalje mogli birati kao na dlanu: Lastovo ili Kor\u010dulu, a mo\u017eda ipak prvo izlet na Bi\u0161evo, Brusnik ili Svetac.\u00a0<\/p><p>Vezani uz neobi\u010dno pristupa\u010dnu vi\u0161ku rivu, mnogi \u0107e se od njih osjetiti kao da su prvi put u \u017eivotu do\u0161li doma i zbog toga do\u0107i u napast i produ\u017eiti boravak. Takav je Vis&#8230; Izmi\u0161ljen da vam promijeni plan plovidbe. Nauti\u010dari vole iznajmiti skutere pa se izgubiti negdje u unutra\u0161njosti otoka i u\u017eivati u doma\u0107oj hrani i vinima, a neki su na Visu kupili zemlju i promijenili plan zauvijek.<\/p><p>\u00a0<\/p>\t\t\t\t\t\t\t\t<\/div>\n\t\t\t\t<\/div>\n\t\t\t\t\t<\/div>\n\t\t\t\t<\/div>\n\t\t<div class=\"elementor-element elementor-element-5e00e3d e-flex e-con-boxed e-con e-parent\" data-id=\"5e00e3d\" data-element_type=\"container\" data-e-type=\"container\" data-settings=\"{&quot;jet_parallax_layout_list&quot;:[]}\">\n\t\t\t\t\t<div class=\"e-con-inner\">\n\t\t<div class=\"elementor-element elementor-element-f36d89d e-con-full e-flex e-con e-child\" data-id=\"f36d89d\" data-element_type=\"container\" data-e-type=\"container\" data-settings=\"{&quot;jet_parallax_layout_list&quot;:[]}\">\n\t\t\t\t<div class=\"elementor-element elementor-element-1bb4d8f elementor-widget-divider--view-line elementor-widget elementor-widget-divider\" data-id=\"1bb4d8f\" data-element_type=\"widget\" data-e-type=\"widget\" data-widget_type=\"divider.default\">\n\t\t\t\t<div class=\"elementor-widget-container\">\n\t\t\t\t\t\t\t<div class=\"elementor-divider\">\n\t\t\t<span class=\"elementor-divider-separator\">\n\t\t\t\t\t\t<\/span>\n\t\t<\/div>\n\t\t\t\t\t\t<\/div>\n\t\t\t\t<\/div>\n\t\t\t\t<div class=\"elementor-element elementor-element-c770785 link_white elementor-widget elementor-widget-heading\" data-id=\"c770785\" data-element_type=\"widget\" data-e-type=\"widget\" data-widget_type=\"heading.default\">\n\t\t\t\t<div class=\"elementor-widget-container\">\n\t\t\t\t\t<h2 class=\"elementor-heading-title elementor-size-default\"><a href=\"https:\/\/www.vis-tourism.com\/istrazite-kategorija\/peljar-otoka-visa\/\">Peljar otoka Visa\n<\/a><\/h2>\t\t\t\t<\/div>\n\t\t\t\t<\/div>\n\t\t\t\t<div class=\"elementor-element elementor-element-83e7d4b elementor-absolute e-transform elementor-widget elementor-widget-image\" data-id=\"83e7d4b\" data-element_type=\"widget\" data-e-type=\"widget\" data-settings=\"{&quot;_position&quot;:&quot;absolute&quot;,&quot;_transform_scale_effect_hover&quot;:{&quot;unit&quot;:&quot;px&quot;,&quot;size&quot;:1.05,&quot;sizes&quot;:[]},&quot;_transform_scale_effect_hover_tablet&quot;:{&quot;unit&quot;:&quot;px&quot;,&quot;size&quot;:&quot;&quot;,&quot;sizes&quot;:[]},&quot;_transform_scale_effect_hover_mobile&quot;:{&quot;unit&quot;:&quot;px&quot;,&quot;size&quot;:&quot;&quot;,&quot;sizes&quot;:[]}}\" data-widget_type=\"image.default\">\n\t\t\t\t<div class=\"elementor-widget-container\">\n\t\t\t\t\t\t\t\t\t\t\t\t\t\t\t\t<a href=\"https:\/\/www.vis-tourism.com\/hr\/istrazite-kategorija\/peljar-otoka-visa\/\">\n\t\t\t\t\t\t\t<img fetchpriority=\"high\" decoding=\"async\" width=\"310\" height=\"310\" src=\"https:\/\/www.vis-tourism.com\/wp-content\/uploads\/2024\/07\/ribarnica-310x310.jpeg\" class=\"attachment-kvadrat size-kvadrat wp-image-3794\" alt=\"\" srcset=\"https:\/\/www.vis-tourism.com\/wp-content\/uploads\/2024\/07\/ribarnica-310x310.jpeg 310w, https:\/\/www.vis-tourism.com\/wp-content\/uploads\/2024\/07\/ribarnica-150x150.jpeg 150w, https:\/\/www.vis-tourism.com\/wp-content\/uploads\/2024\/07\/ribarnica-312x312.jpeg 312w\" sizes=\"(max-width: 310px) 100vw, 310px\" \/>\t\t\t\t\t\t\t\t<\/a>\n\t\t\t\t\t\t\t\t\t\t\t\t\t\t\t<\/div>\n\t\t\t\t<\/div>\n\t\t\t\t<\/div>\n\t\t<div class=\"elementor-element elementor-element-8ea8ea1 e-con-full e-flex e-con e-child\" data-id=\"8ea8ea1\" data-element_type=\"container\" data-e-type=\"container\" data-settings=\"{&quot;jet_parallax_layout_list&quot;:[]}\">\n\t\t\t\t<div class=\"elementor-element elementor-element-e93119c elementor-widget-divider--view-line elementor-widget elementor-widget-divider\" data-id=\"e93119c\" data-element_type=\"widget\" data-e-type=\"widget\" data-widget_type=\"divider.default\">\n\t\t\t\t<div class=\"elementor-widget-container\">\n\t\t\t\t\t\t\t<div class=\"elementor-divider\">\n\t\t\t<span class=\"elementor-divider-separator\">\n\t\t\t\t\t\t<\/span>\n\t\t<\/div>\n\t\t\t\t\t\t<\/div>\n\t\t\t\t<\/div>\n\t\t\t\t<div class=\"elementor-element elementor-element-dd490b7 link_white elementor-widget elementor-widget-heading\" data-id=\"dd490b7\" data-element_type=\"widget\" data-e-type=\"widget\" data-widget_type=\"heading.default\">\n\t\t\t\t<div class=\"elementor-widget-container\">\n\t\t\t\t\t<h2 class=\"elementor-heading-title elementor-size-default\"><a href=\"https:\/\/www.vis-tourism.com\/hr\/kategorija\/vazne-obavijesti\/\">Va\u017ene informacije<\/a><\/h2>\t\t\t\t<\/div>\n\t\t\t\t<\/div>\n\t\t\t\t<div class=\"elementor-element elementor-element-ec1843b elementor-absolute e-transform elementor-widget elementor-widget-image\" data-id=\"ec1843b\" data-element_type=\"widget\" data-e-type=\"widget\" data-settings=\"{&quot;_position&quot;:&quot;absolute&quot;,&quot;_transform_scale_effect_hover&quot;:{&quot;unit&quot;:&quot;px&quot;,&quot;size&quot;:1.05,&quot;sizes&quot;:[]},&quot;_transform_scale_effect_hover_tablet&quot;:{&quot;unit&quot;:&quot;px&quot;,&quot;size&quot;:&quot;&quot;,&quot;sizes&quot;:[]},&quot;_transform_scale_effect_hover_mobile&quot;:{&quot;unit&quot;:&quot;px&quot;,&quot;size&quot;:&quot;&quot;,&quot;sizes&quot;:[]}}\" data-widget_type=\"image.default\">\n\t\t\t\t<div class=\"elementor-widget-container\">\n\t\t\t\t\t\t\t\t\t\t\t\t\t\t\t\t<a href=\"https:\/\/www.vis-tourism.com\/hr\/kategorija\/vazne-obavijesti\/\">\n\t\t\t\t\t\t\t<img decoding=\"async\" width=\"310\" height=\"310\" src=\"https:\/\/www.vis-tourism.com\/wp-content\/uploads\/2024\/07\/Viska-regata-310x310.jpeg\" class=\"attachment-kvadrat size-kvadrat wp-image-3830\" alt=\"\" srcset=\"https:\/\/www.vis-tourism.com\/wp-content\/uploads\/2024\/07\/Viska-regata-310x310.jpeg 310w, https:\/\/www.vis-tourism.com\/wp-content\/uploads\/2024\/07\/Viska-regata-150x150.jpeg 150w, https:\/\/www.vis-tourism.com\/wp-content\/uploads\/2024\/07\/Viska-regata-312x312.jpeg 312w\" sizes=\"(max-width: 310px) 100vw, 310px\" \/>\t\t\t\t\t\t\t\t<\/a>\n\t\t\t\t\t\t\t\t\t\t\t\t\t\t\t<\/div>\n\t\t\t\t<\/div>\n\t\t\t\t<\/div>\n\t\t\t\t\t<\/div>\n\t\t\t\t<\/div>\n\t\t<div class=\"elementor-element elementor-element-0f49837 e-flex e-con-boxed e-con e-parent\" data-id=\"0f49837\" data-element_type=\"container\" data-e-type=\"container\" data-settings=\"{&quot;jet_parallax_layout_list&quot;:[]}\">\n\t\t\t\t\t<div class=\"e-con-inner\">\n\t\t\t\t\t<\/div>\n\t\t\t\t<\/div>\n\t\t\t\t<\/div>\n\t\t","protected":false},"excerpt":{"rendered":"<p>Nauti\u010dari su najzaslu\u017eniji za otkri\u0107e Visa kao top destinacije u jedrili\u010darima najdra\u017eoj, srednjedalmatinskoj turi. Neki \u0107e s kopna potegnuti ravno na Vis, a drugi \u0107e preko \u0160olte, Bra\u010da i Hvara [&hellip;]<\/p>\n","protected":false},"author":1,"featured_media":0,"parent":60,"menu_order":0,"comment_status":"closed","ping_status":"closed","template":"elementor_header_footer","meta":{"footnotes":""},"class_list":["post-64","page","type-page","status-publish","hentry"],"yoast_head":"<!-- This site is optimized with the Yoast SEO plugin v27.4 - https:\/\/yoast.com\/product\/yoast-seo-wordpress\/ -->\n<title>Nauti\u010dki turizam - Turisti\u010dka zajednica grada Visa<\/title>\n<meta name=\"description\" content=\"Nauti\u010dki turizam\" \/>\n<meta name=\"robots\" content=\"index, follow, max-snippet:-1, max-image-preview:large, max-video-preview:-1\" \/>\n<link rel=\"canonical\" href=\"https:\/\/www.vis-tourism.com\/hr\/dozivite-vis\/nauticki-turizam\/\" \/>\n<meta property=\"og:locale\" content=\"hr_HR\" \/>\n<meta property=\"og:type\" content=\"article\" \/>\n<meta property=\"og:title\" content=\"Nauti\u010dki turizam - Turisti\u010dka zajednica grada Visa\" \/>\n<meta property=\"og:description\" content=\"Nauti\u010dki turizam\" \/>\n<meta property=\"og:url\" content=\"https:\/\/www.vis-tourism.com\/hr\/dozivite-vis\/nauticki-turizam\/\" \/>\n<meta property=\"og:site_name\" content=\"Turisti\u010dka zajednica grada Visa\" \/>\n<meta property=\"article:publisher\" content=\"https:\/\/www.facebook.com\/tzgvis\/\" \/>\n<meta property=\"article:modified_time\" content=\"2024-10-05T08:10:17+00:00\" \/>\n<meta property=\"og:image\" content=\"https:\/\/www.vis-tourism.com\/wp-content\/uploads\/2024\/07\/ribarnica-310x310.jpeg\" \/>\n<meta name=\"twitter:card\" content=\"summary_large_image\" \/>\n<meta name=\"twitter:label1\" content=\"Procijenjeno vrijeme \u010ditanja\" \/>\n\t<meta name=\"twitter:data1\" content=\"2 minute\" \/>\n<script type=\"application\/ld+json\" class=\"yoast-schema-graph\">{\"@context\":\"https:\\\/\\\/schema.org\",\"@graph\":[{\"@type\":\"WebPage\",\"@id\":\"https:\\\/\\\/www.vis-tourism.com\\\/hr\\\/dozivite-vis\\\/nauticki-turizam\\\/\",\"url\":\"https:\\\/\\\/www.vis-tourism.com\\\/hr\\\/dozivite-vis\\\/nauticki-turizam\\\/\",\"name\":\"Nauti\u010dki turizam - Turisti\u010dka zajednica grada Visa\",\"isPartOf\":{\"@id\":\"https:\\\/\\\/www.vis-tourism.com\\\/hr\\\/#website\"},\"primaryImageOfPage\":{\"@id\":\"https:\\\/\\\/www.vis-tourism.com\\\/hr\\\/dozivite-vis\\\/nauticki-turizam\\\/#primaryimage\"},\"image\":{\"@id\":\"https:\\\/\\\/www.vis-tourism.com\\\/hr\\\/dozivite-vis\\\/nauticki-turizam\\\/#primaryimage\"},\"thumbnailUrl\":\"https:\\\/\\\/www.vis-tourism.com\\\/wp-content\\\/uploads\\\/2024\\\/07\\\/ribarnica-310x310.jpeg\",\"datePublished\":\"2024-06-01T08:17:47+00:00\",\"dateModified\":\"2024-10-05T08:10:17+00:00\",\"description\":\"Nauti\u010dki turizam\",\"breadcrumb\":{\"@id\":\"https:\\\/\\\/www.vis-tourism.com\\\/hr\\\/dozivite-vis\\\/nauticki-turizam\\\/#breadcrumb\"},\"inLanguage\":\"hr\",\"potentialAction\":[{\"@type\":\"ReadAction\",\"target\":[\"https:\\\/\\\/www.vis-tourism.com\\\/hr\\\/dozivite-vis\\\/nauticki-turizam\\\/\"]}]},{\"@type\":\"ImageObject\",\"inLanguage\":\"hr\",\"@id\":\"https:\\\/\\\/www.vis-tourism.com\\\/hr\\\/dozivite-vis\\\/nauticki-turizam\\\/#primaryimage\",\"url\":\"https:\\\/\\\/www.vis-tourism.com\\\/wp-content\\\/uploads\\\/2024\\\/07\\\/ribarnica-310x310.jpeg\",\"contentUrl\":\"https:\\\/\\\/www.vis-tourism.com\\\/wp-content\\\/uploads\\\/2024\\\/07\\\/ribarnica-310x310.jpeg\"},{\"@type\":\"BreadcrumbList\",\"@id\":\"https:\\\/\\\/www.vis-tourism.com\\\/hr\\\/dozivite-vis\\\/nauticki-turizam\\\/#breadcrumb\",\"itemListElement\":[{\"@type\":\"ListItem\",\"position\":1,\"name\":\"Home\",\"item\":\"https:\\\/\\\/www.vis-tourism.com\\\/hr\\\/\"},{\"@type\":\"ListItem\",\"position\":2,\"name\":\"Do\u017eivite Vis\",\"item\":\"https:\\\/\\\/www.vis-tourism.com\\\/hr\\\/dozivite-vis\\\/\"},{\"@type\":\"ListItem\",\"position\":3,\"name\":\"Nauti\u010dki turizam\"}]},{\"@type\":\"WebSite\",\"@id\":\"https:\\\/\\\/www.vis-tourism.com\\\/hr\\\/#website\",\"url\":\"https:\\\/\\\/www.vis-tourism.com\\\/hr\\\/\",\"name\":\"Turisti\u010dka zajednica grada Visa\",\"description\":\"Slu\u017ebeni portal Turisti\u010dke zajednice Grada Visa, sve informacije o hotelima kampovima, privatnom smje\u0161taju\",\"publisher\":{\"@id\":\"https:\\\/\\\/www.vis-tourism.com\\\/hr\\\/#organization\"},\"potentialAction\":[{\"@type\":\"SearchAction\",\"target\":{\"@type\":\"EntryPoint\",\"urlTemplate\":\"https:\\\/\\\/www.vis-tourism.com\\\/hr\\\/?s={search_term_string}\"},\"query-input\":{\"@type\":\"PropertyValueSpecification\",\"valueRequired\":true,\"valueName\":\"search_term_string\"}}],\"inLanguage\":\"hr\"},{\"@type\":\"Organization\",\"@id\":\"https:\\\/\\\/www.vis-tourism.com\\\/hr\\\/#organization\",\"name\":\"Turisti\u010dke zajednica grada Visa\",\"url\":\"https:\\\/\\\/www.vis-tourism.com\\\/hr\\\/\",\"logo\":{\"@type\":\"ImageObject\",\"inLanguage\":\"hr\",\"@id\":\"https:\\\/\\\/www.vis-tourism.com\\\/hr\\\/#\\\/schema\\\/logo\\\/image\\\/\",\"url\":\"https:\\\/\\\/www.vis-tourism.com\\\/wp-content\\\/uploads\\\/2024\\\/05\\\/tz-vis-logotip.png\",\"contentUrl\":\"https:\\\/\\\/www.vis-tourism.com\\\/wp-content\\\/uploads\\\/2024\\\/05\\\/tz-vis-logotip.png\",\"width\":800,\"height\":378,\"caption\":\"Turisti\u010dke zajednica grada Visa\"},\"image\":{\"@id\":\"https:\\\/\\\/www.vis-tourism.com\\\/hr\\\/#\\\/schema\\\/logo\\\/image\\\/\"},\"sameAs\":[\"https:\\\/\\\/www.facebook.com\\\/tzgvis\\\/\",\"https:\\\/\\\/www.instagram.com\\\/tzgvis\\\/\",\"https:\\\/\\\/www.youtube.com\\\/@VisTourism\"]}]}<\/script>\n<!-- \/ Yoast SEO plugin. -->","yoast_head_json":{"title":"Nauti\u010dki turizam - Turisti\u010dka zajednica grada Visa","description":"Nauti\u010dki turizam","robots":{"index":"index","follow":"follow","max-snippet":"max-snippet:-1","max-image-preview":"max-image-preview:large","max-video-preview":"max-video-preview:-1"},"canonical":"https:\/\/www.vis-tourism.com\/hr\/dozivite-vis\/nauticki-turizam\/","og_locale":"hr_HR","og_type":"article","og_title":"Nauti\u010dki turizam - Turisti\u010dka zajednica grada Visa","og_description":"Nauti\u010dki turizam","og_url":"https:\/\/www.vis-tourism.com\/hr\/dozivite-vis\/nauticki-turizam\/","og_site_name":"Turisti\u010dka zajednica grada Visa","article_publisher":"https:\/\/www.facebook.com\/tzgvis\/","article_modified_time":"2024-10-05T08:10:17+00:00","og_image":[{"url":"https:\/\/www.vis-tourism.com\/wp-content\/uploads\/2024\/07\/ribarnica-310x310.jpeg","type":"","width":"","height":""}],"twitter_card":"summary_large_image","twitter_misc":{"Procijenjeno vrijeme \u010ditanja":"2 minute"},"schema":{"@context":"https:\/\/schema.org","@graph":[{"@type":"WebPage","@id":"https:\/\/www.vis-tourism.com\/hr\/dozivite-vis\/nauticki-turizam\/","url":"https:\/\/www.vis-tourism.com\/hr\/dozivite-vis\/nauticki-turizam\/","name":"Nauti\u010dki turizam - Turisti\u010dka zajednica grada Visa","isPartOf":{"@id":"https:\/\/www.vis-tourism.com\/hr\/#website"},"primaryImageOfPage":{"@id":"https:\/\/www.vis-tourism.com\/hr\/dozivite-vis\/nauticki-turizam\/#primaryimage"},"image":{"@id":"https:\/\/www.vis-tourism.com\/hr\/dozivite-vis\/nauticki-turizam\/#primaryimage"},"thumbnailUrl":"https:\/\/www.vis-tourism.com\/wp-content\/uploads\/2024\/07\/ribarnica-310x310.jpeg","datePublished":"2024-06-01T08:17:47+00:00","dateModified":"2024-10-05T08:10:17+00:00","description":"Nauti\u010dki turizam","breadcrumb":{"@id":"https:\/\/www.vis-tourism.com\/hr\/dozivite-vis\/nauticki-turizam\/#breadcrumb"},"inLanguage":"hr","potentialAction":[{"@type":"ReadAction","target":["https:\/\/www.vis-tourism.com\/hr\/dozivite-vis\/nauticki-turizam\/"]}]},{"@type":"ImageObject","inLanguage":"hr","@id":"https:\/\/www.vis-tourism.com\/hr\/dozivite-vis\/nauticki-turizam\/#primaryimage","url":"https:\/\/www.vis-tourism.com\/wp-content\/uploads\/2024\/07\/ribarnica-310x310.jpeg","contentUrl":"https:\/\/www.vis-tourism.com\/wp-content\/uploads\/2024\/07\/ribarnica-310x310.jpeg"},{"@type":"BreadcrumbList","@id":"https:\/\/www.vis-tourism.com\/hr\/dozivite-vis\/nauticki-turizam\/#breadcrumb","itemListElement":[{"@type":"ListItem","position":1,"name":"Home","item":"https:\/\/www.vis-tourism.com\/hr\/"},{"@type":"ListItem","position":2,"name":"Do\u017eivite Vis","item":"https:\/\/www.vis-tourism.com\/hr\/dozivite-vis\/"},{"@type":"ListItem","position":3,"name":"Nauti\u010dki turizam"}]},{"@type":"WebSite","@id":"https:\/\/www.vis-tourism.com\/hr\/#website","url":"https:\/\/www.vis-tourism.com\/hr\/","name":"Turisti\u010dka zajednica grada Visa","description":"Slu\u017ebeni portal Turisti\u010dke zajednice Grada Visa, sve informacije o hotelima kampovima, privatnom smje\u0161taju","publisher":{"@id":"https:\/\/www.vis-tourism.com\/hr\/#organization"},"potentialAction":[{"@type":"SearchAction","target":{"@type":"EntryPoint","urlTemplate":"https:\/\/www.vis-tourism.com\/hr\/?s={search_term_string}"},"query-input":{"@type":"PropertyValueSpecification","valueRequired":true,"valueName":"search_term_string"}}],"inLanguage":"hr"},{"@type":"Organization","@id":"https:\/\/www.vis-tourism.com\/hr\/#organization","name":"Turisti\u010dke zajednica grada Visa","url":"https:\/\/www.vis-tourism.com\/hr\/","logo":{"@type":"ImageObject","inLanguage":"hr","@id":"https:\/\/www.vis-tourism.com\/hr\/#\/schema\/logo\/image\/","url":"https:\/\/www.vis-tourism.com\/wp-content\/uploads\/2024\/05\/tz-vis-logotip.png","contentUrl":"https:\/\/www.vis-tourism.com\/wp-content\/uploads\/2024\/05\/tz-vis-logotip.png","width":800,"height":378,"caption":"Turisti\u010dke zajednica grada Visa"},"image":{"@id":"https:\/\/www.vis-tourism.com\/hr\/#\/schema\/logo\/image\/"},"sameAs":["https:\/\/www.facebook.com\/tzgvis\/","https:\/\/www.instagram.com\/tzgvis\/","https:\/\/www.youtube.com\/@VisTourism"]}]}},"_links":{"self":[{"href":"https:\/\/www.vis-tourism.com\/hr\/wp-json\/wp\/v2\/pages\/64","targetHints":{"allow":["GET"]}}],"collection":[{"href":"https:\/\/www.vis-tourism.com\/hr\/wp-json\/wp\/v2\/pages"}],"about":[{"href":"https:\/\/www.vis-tourism.com\/hr\/wp-json\/wp\/v2\/types\/page"}],"author":[{"embeddable":true,"href":"https:\/\/www.vis-tourism.com\/hr\/wp-json\/wp\/v2\/users\/1"}],"replies":[{"embeddable":true,"href":"https:\/\/www.vis-tourism.com\/hr\/wp-json\/wp\/v2\/comments?post=64"}],"version-history":[{"count":5,"href":"https:\/\/www.vis-tourism.com\/hr\/wp-json\/wp\/v2\/pages\/64\/revisions"}],"predecessor-version":[{"id":7398,"href":"https:\/\/www.vis-tourism.com\/hr\/wp-json\/wp\/v2\/pages\/64\/revisions\/7398"}],"up":[{"embeddable":true,"href":"https:\/\/www.vis-tourism.com\/hr\/wp-json\/wp\/v2\/pages\/60"}],"wp:attachment":[{"href":"https:\/\/www.vis-tourism.com\/hr\/wp-json\/wp\/v2\/media?parent=64"}],"curies":[{"name":"wp","href":"https:\/\/api.w.org\/{rel}","templated":true}]}}